{"id":4965,"date":"2021-05-12T09:15:48","date_gmt":"2021-05-12T09:15:48","guid":{"rendered":"https:\/\/creativybrush.com\/?post_type=product&#038;p=4965"},"modified":"2021-05-14T07:27:33","modified_gmt":"2021-05-14T07:27:33","slug":"extra-brush","status":"publish","type":"product","link":"https:\/\/creativybrush.com\/sl\/izdelek\/extra-brush\/","title":{"rendered":"Dodatna silikonska krta\u010da"},"content":{"rendered":"<p>Prilagodljiva silikonska glava, ki omogo\u010da globinsko \u010di\u0161\u010denje okoli in pod robom strani\u0161\u010dne \u0161koljke.<\/p>\n","protected":false},"excerpt":{"rendered":"<p>Prilagodljiva silikonska glava, ki omogo\u010da globinsko \u010di\u0161\u010denje okoli in pod robom strani\u0161\u010dne \u0161koljke.<\/p>\n","protected":false},"featured_media":4950,"comment_status":"closed","ping_status":"closed","template":"","meta":[],"product_cat":[58],"product_tag":[],"_links":{"self":[{"href":"https:\/\/creativybrush.com\/sl\/wp-json\/wp\/v2\/product\/4965"}],"collection":[{"href":"https:\/\/creativybrush.com\/sl\/wp-json\/wp\/v2\/product"}],"about":[{"href":"https:\/\/creativybrush.com\/sl\/wp-json\/wp\/v2\/types\/product"}],"replies":[{"embeddable":true,"href":"https:\/\/creativybrush.com\/sl\/wp-json\/wp\/v2\/comments?post=4965"}],"wp:featuredmedia":[{"embeddable":true,"href":"https:\/\/creativybrush.com\/sl\/wp-json\/wp\/v2\/media\/4950"}],"wp:attachment":[{"href":"https:\/\/creativybrush.com\/sl\/wp-json\/wp\/v2\/media?parent=4965"}],"wp:term":[{"taxonomy":"product_cat","embeddable":true,"href":"https:\/\/creativybrush.com\/sl\/wp-json\/wp\/v2\/product_cat?post=4965"},{"taxonomy":"product_tag","embeddable":true,"href":"https:\/\/creativybrush.com\/sl\/wp-json\/wp\/v2\/product_tag?post=4965"}],"curies":[{"name":"wp","href":"https:\/\/api.w.org\/{rel}","templated":true}]}}