{"id":4346,"date":"2021-04-01T11:37:17","date_gmt":"2021-04-01T11:37:17","guid":{"rendered":"https:\/\/creativybrush.com\/vzorcna-stran\/"},"modified":"2021-04-01T11:37:17","modified_gmt":"2021-04-01T11:37:17","slug":"vzorcna-stran","status":"publish","type":"page","link":"https:\/\/creativybrush.com\/sl\/vzorcna-stran\/","title":{"rendered":"Vzor\u010dna stran"},"content":{"rendered":"\n<p>To je stran za primer. Razlikuje se od objave v spletnem dnevniku, ker bo ostala na enem mestu in se bo prikazala v navigaciji va\u0161ega spletnega mesta (v ve\u010dini tem). Ve\u010dina ljudi za\u010dne s stranjo O, ki jih predstavi potencialnim obiskovalcem spletnega mesta. Lahko bi rekel nekaj takega:<\/p>\n\n<blockquote class=\"wp-block-quote\"><p>\u017eivjo! Sem kolesarski kurir po dnevu, pono\u010di si prizadevam za igralca in to je moja spletna stran. \u017divim v Los Angelesu, imam odli\u010dnega psa Po imenu Jack, in rad imam pi\u00f1a colade. (In se ujel v de\u017eju.)<\/p><\/blockquote>\n\n<p>&#8230; ali kaj podobnega:<\/p>\n\n<blockquote class=\"wp-block-quote\"><p>Podjetje XYZ Doohickey je bilo ustanovljeno leta 1971, od takrat pa javnosti zagotavlja kakovostne doohickeyje. Nahaja se v Gotham City, XYZ zaposluje ve\u010d kot 2.000 ljudi in po\u010dne vse vrste super stvari za Gotham skupnosti.<\/p><\/blockquote>\n\n<p>Kot nov Uporabnik WordPress, morate <a href=\"https:\/\/creativybrush.com\/wp-admin\/\"> iti na nadzorno plo\u0161\u010do izbrisati to stran in ustvariti nove strani za va\u0161o vsebino.<\/a> zabavaj se!<\/p>\n","protected":false},"excerpt":{"rendered":"<p>To je stran za primer. Razlikuje se od objave v spletnem dnevniku, ker bo ostala na enem mestu in se bo prikazala v navigaciji va\u0161ega spletnega mesta (v ve\u010dini tem). Ve\u010dina ljudi za\u010dne s stranjo O, ki jih predstavi potencialnim obiskovalcem spletnega mesta. Lahko bi rekel nekaj takega: \u017eivjo! Sem kolesarski kurir po dnevu, pono\u010di [&hellip;]<\/p>\n","protected":false},"author":1,"featured_media":0,"parent":0,"menu_order":0,"comment_status":"closed","ping_status":"open","template":"","meta":[],"_links":{"self":[{"href":"https:\/\/creativybrush.com\/sl\/wp-json\/wp\/v2\/pages\/4346"}],"collection":[{"href":"https:\/\/creativybrush.com\/sl\/wp-json\/wp\/v2\/pages"}],"about":[{"href":"https:\/\/creativybrush.com\/sl\/wp-json\/wp\/v2\/types\/page"}],"author":[{"embeddable":true,"href":"https:\/\/creativybrush.com\/sl\/wp-json\/wp\/v2\/users\/1"}],"replies":[{"embeddable":true,"href":"https:\/\/creativybrush.com\/sl\/wp-json\/wp\/v2\/comments?post=4346"}],"version-history":[{"count":1,"href":"https:\/\/creativybrush.com\/sl\/wp-json\/wp\/v2\/pages\/4346\/revisions"}],"predecessor-version":[{"id":4347,"href":"https:\/\/creativybrush.com\/sl\/wp-json\/wp\/v2\/pages\/4346\/revisions\/4347"}],"wp:attachment":[{"href":"https:\/\/creativybrush.com\/sl\/wp-json\/wp\/v2\/media?parent=4346"}],"curies":[{"name":"wp","href":"https:\/\/api.w.org\/{rel}","templated":true}]}}