{"id":4284,"date":"2021-04-01T11:18:48","date_gmt":"2021-04-01T11:18:48","guid":{"rendered":"https:\/\/creativybrush.com\/pogoji-poslovanja\/"},"modified":"2021-04-04T07:45:14","modified_gmt":"2021-04-04T07:45:14","slug":"pogoji-poslovanja","status":"publish","type":"page","link":"https:\/\/creativybrush.com\/sl\/pogoji-poslovanja\/","title":{"rendered":"Pogoji poslovanja"},"content":{"rendered":"<p>Ti pogoji (\u201cPogoji\u201d, \u201cSporazum\u201d) so dogovor med KREATIVA GROUP proizvodnja, posredni\u0161tvo, trgovina in storitve, d.o.o. (\u00bbSkupina KREATIVA GROUP, proizvodnja, posredni\u0161tvo, trgovina in storitve, d.o.o ..\u00ab, \u00bbmi\u00ab, \u00bbmi\u00ab ali \u00bbna\u0161e\u00ab) in vi (\u00bbuporabnik\u00ab, \u00bbvi\u00ab ali \u00bbva\u0161\u00ab). Ta pogodba dolo\u010da splo\u0161ne pogoje va\u0161e uporabe spletnega mesta creativabrush.si in katerega koli od njegovih izdelkov ali storitev (skupaj \u201eSpletna stran\u201c ali \u201eStoritve\u201c).<\/p>\n<p>&nbsp;<\/p>\n<p>Podatki o podjetju:<\/p>\n<p>Kreativa group, proizvodnja, posredni\u0161tvo, trgovina in storitve, d.o.o.<\/p>\n<p>ulica \u0161kofa Maksimilijana Dr\u017ee\u010dnika 6, 2000 Maribor, Slovenija<\/p>\n<p>ID za DDV: 58329706<\/p>\n<p>Registrska \u0161tevilka:\u00a08583234000<\/p>\n<p><strong>NARO\u010cANJE<\/strong><\/p>\n<p><strong>Navodila<\/strong><\/p>\n<p>Na doma\u010di strani pritisnite trgovino. Na strani trgovine izberite izdelek in ga dodajte v ko\u0161arico. Preusmerjeni boste na stran ko\u0161arice, kjer lahko nadaljujete s pla\u010dilom.<\/p>\n<p><strong>Ustvarjanje ra\u010duna<\/strong><\/p>\n<p>V postopku nakupa lahko ustvarite ra\u010dun tako, da vtipkate svoj e-po\u0161tni naslov, uporabni\u0161ko ime in geslo. Va\u0161 ra\u010dun se samodejno ustvari, ko dokon\u010date postopek nakupa.<\/p>\n<p>&nbsp;<\/p>\n<p><strong>Potrdilo naro\u010dila<\/strong><\/p>\n<p>Ko uspe\u0161no zaklju\u010dite postopek odjave, boste prejeli e-po\u0161tno sporo\u010dilo, da je bilo naro\u010dilo zaklju\u010deno.<\/p>\n<p>&nbsp;<\/p>\n<p><strong>Sklepanje prodajne pogodbe<\/strong><\/p>\n<p>Naro\u010dilo se potrdi po uspe\u0161nem pla\u010dilu in prejeli boste avtomatsko e-po\u0161to s potrditvijo naro\u010dila, ki ne potrjuje, da je izdelek na zalogi ali da je bil odpremljen, ampak vas samo obve\u0161\u010da, da je sistem prejel va\u0161e naro\u010dilo in da je naro\u010dilo v obravnavati. Kupoprodajna pogodba je sklenjena, ko prodajalec po elektronski po\u0161ti potrdi kup\u010devo naro\u010dilo.<\/p>\n<p>&nbsp;<\/p>\n<p><strong>Cena<\/strong><\/p>\n<p>Menjalni te\u010daj evra se izra\u010duna v skladu s centralnim paritetnim te\u010dajem. Prodajalec ni zavezanec za DDV. Vse cene vlkju\u010dujejo\u00a0 DDV, \u010de ni izrecno navedeno druga\u010de. Kupoprodajna pogodba med ponudnikom in kupcem je sklenjena ob oddaji spletnega naro\u010dila. (stranka prejme elektronsko sporo\u010dilo o statusu: naro\u010dilo je sprejeto). Od tega trenutka so vse cene in drugi pogoji dolo\u010deni in veljajo tako za ponudnika kot za kupca.<\/p>\n<p>&nbsp;<\/p>\n<p><strong>Politika vra\u010dil<\/strong><\/p>\n<p>Kupec ima pravico do odstopa od prodajne pogodbe s pravico do celotnega povra\u010dila, ne da bi moral v 14 dneh od sklenitve prodajne pogodbe navesti razlog za svojo odlo\u010ditev. Za to mora kupec pravo\u010dasno poslati e-po\u0161tno sporo\u010dilo na info@creativybrush.si. Nadomestilo bo izdano v 14 dneh po prejemu upravi\u010dene zahteve. Politika vra\u010dila ne velja za pravne osebe.<\/p>\n<p>&nbsp;<\/p>\n<p>POZOR! Mo\u017enost odstopa NE velja za pravne osebe in za naro\u010danje personaliziranih produktov izdelanih (natisnjenih) po meri.<\/p>\n<p>&nbsp;<\/p>\n<p>Kupec, ki odstopi od prodajne pogodbe, mora blago vrniti nepo\u0161kodovano v originalni embala\u017ei in v enaki koli\u010dini. V primeru, da se ugotovi, da je pri\u0161lo do po\u0161kodbe izdelka ali da se koli\u010dina ne ujema, je kupec dol\u017ean pla\u010dati \u0161kodo.<\/p>\n<p>&nbsp;<\/p>\n<p><strong>Odpoved pogodbe se ne uporablja v naslednjih primerih:<\/strong><\/p>\n<p>&nbsp;<\/p>\n<p>\u010de je blago po\u0161kodovano, umazano ali so vidne sledi uporabe (fizi\u010dne po\u0161kodbe, stik s teko\u010dino itd.)<\/p>\n<p>V\u00a0primeru po\u0161kodbe ali uni\u010denja embala\u017ee se\u00a0 vrednost zmanj\u0161a. Vsako embala\u017eo je mogo\u010de lepo odpreti, da se izognemo vidnim posledicam odpiranja. Za po\u0161kodovano embala\u017eo (raztrgana embala\u017ea, nepravilno zapakiran paket itd.) lahko trgovec zara\u010duna do 20% vrednosti blaga.<\/p>\n<p>Trgovec bo s fotoaparatom fotografiral vrnjeni paket, vsebino in izdelek kot mo\u017een dokaz \u0161kode.<\/p>\n<p>&nbsp;<\/p>\n<p><strong>Dostava<\/strong><\/p>\n<p>Blago, ki je bilo naro\u010deno v spletni trgovini creativybrush.si, je na poti takoj po potrditvi pla\u010dila. Na\u010din dostave lahko izberete na blagajni. Izberete lahko med razli\u010dnimi vrstami dostave. Podjetje za dostavo je od dr\u017eave do dr\u017eave razli\u010dno.<\/p>\n<p>&nbsp;<\/p>\n<p><strong>Napaka in po\u0161kodovani izdelki<\/strong><\/p>\n<p><strong>\u00a0<\/strong><\/p>\n<p>Napaka ali po\u0161kodovan izdelek je, \u010de:<\/p>\n<p>&nbsp;<\/p>\n<p>\u2013 predmet nima lastnosti, ki so potrebne za njegovo normalno uporabo ali promet,<\/p>\n<p>&nbsp;<\/p>\n<p>\u2013 izdelek nima lastnosti, ki so potrebne za posebno uporabo, za katero ga kupec kupi, vendar jih je prodajalec poznal ali bi moral vedeti,<\/p>\n<p>&nbsp;<\/p>\n<p>\u2013 izdelek nima lastnosti, ki so bile izrecno dogovorjene ali predpisane,<\/p>\n<p>&nbsp;<\/p>\n<p>\u2013 je prodajalec dostavil izdelek, ki se ne ujema z kupljenim vzorcem ali modelom.<\/p>\n<p><strong>\u00a0<\/strong><\/p>\n<p><strong>Kako preveriti ustreznost izdelka?<\/strong><\/p>\n<p>&nbsp;<\/p>\n<p>Preveriti ga je treba z drugim, brezhibnim izdelkom iste vrste<\/p>\n<p>&nbsp;<\/p>\n<p><strong>Kako prijaviti izdelek o napaki?<\/strong><\/p>\n<p>&nbsp;<\/p>\n<p>Kupec nas mora v zakonskem roku obvestiti o kakr\u0161ni koli materialni pomanjkljivosti, skupaj z natan\u010dnim opisom, in nam hkrati omogo\u010diti vpogled v artikel. Napako lahko prijavite in po\u0161ljete po<\/p>\n<p>e-po\u0161ti na info@creativybrush.si<\/p>\n<p>Prodajalec ne odgovarja za \u0161kodo, nastalo zaradi napa\u010dne oz. malomarna uporaba izdelkov!<\/p>\n<p>&nbsp;<\/p>\n<p><strong>Transportna \u0161koda<\/strong><\/p>\n<p>Prodajalec ne odgovarja za morebitno transportno \u0161kodo, ki je nastala pri po\u0161iljanju in prejemanju reklamacij.<\/p>\n<p>&nbsp;<\/p>\n<p><strong>Ra\u010duni<\/strong><\/p>\n<p>\u010ce na spletnem mestu ustvarite ra\u010dun, ste odgovorni za ohranjanje varnosti svojega ra\u010duna in ste v celoti odgovorni za vse dejavnosti, ki se dogajajo v ra\u010dunu, in za vsa druga dejanja, povezana z njim. Preden se lahko prijavite in uporabljate na\u0161e storitve, lahko spremljamo in pregledujemo nove ra\u010dune. \u010ce predlo\u017eite napa\u010dne kontaktne podatke kakr\u0161ne koli vrste, lahko ukinemo va\u0161 ra\u010dun. Takoj nas morate obvestiti o nepoobla\u0161\u010deni uporabi va\u0161ega ra\u010duna ali kakr\u0161nih koli drugih kr\u0161itvah varnosti. Ne odgovarjamo za nobena dejanja ali opustitve, vklju\u010dno s kakr\u0161no koli \u0161kodo, ki bi nastala kot posledica tak\u0161nih dejanj ali opustitev. Va\u0161 ra\u010dun (ali kateri koli njegov del) lahko za\u010dasno zaustavimo, onemogo\u010dimo ali izbri\u0161emo, \u010de ugotovimo, da ste kr\u0161ili katero koli dolo\u010dbo te pogodbe ali da bi va\u0161e ravnanje ali vsebina \u0161kodila na\u0161emu ugledu in dobremu imenu. \u010ce iz zgornjih razlogov izbri\u0161emo va\u0161 ra\u010dun, se ne morete ponovno registrirati za na\u0161e storitve. Lahko blokiramo va\u0161 e-po\u0161tni naslov in naslov internetnega protokola, da prepre\u010dimo nadaljnjo registracijo.<\/p>\n<p>&nbsp;<\/p>\n<p><strong>Vsebina uporabnika \u2013 kupca<\/strong><\/p>\n<p>Nismo lastniki nobenih podatkov, informacij ali materiala (\u201cVsebina\u201d), ki jih v \u010dasu uporabe storitve posredujete na spletnem mestu. Odgovorni ste za natan\u010dnost, kakovost, celovitost, zakonitost, zanesljivost, ustreznost in lastni\u0161tvo intelektualne lastnine ali pravico do uporabe vseh poslanih vsebin. Vsebino na spletnem mestu, ki ste jo poslali ali ustvarili s pomo\u010djo na\u0161ih storitev, lahko spremljamo in pregledujemo.<\/p>\n<p>&nbsp;<\/p>\n<p>\u010ce vam to posebej ne dovolite, nam va\u0161a uporaba spletnega mesta ne daje dovoljenja za uporabo, razmno\u017eevanje, prilagajanje, spreminjanje, objavljanje ali distribucijo vsebine, ki ste jo ustvarili vi ali shranjeni v va\u0161em uporabni\u0161kem ra\u010dunu za komercialne, tr\u017ene ali kakr\u0161ne koli podobne namene. Ampak odobrite nam dovoljenje za dostop, kopiranje, distribucijo, shranjevanje, prena\u0161anje, preoblikovanje, prikazovanje tiskanje in izvajanje vsebine va\u0161ega uporabni\u0161kega ra\u010duna samo, kot je to potrebno za namene zagotavljanja storitev. Brez omejitve katere koli od zgornjih navedb imamo pravico, \u010deprav ne obvezno, po lastni presoji zavrniti ali odstraniti vsebino, ki po na\u0161em razumnem mnenju kr\u0161i katero koli od na\u0161ih politik ali je na kakr\u0161en koli na\u010din \u0161kodljiva.<\/p>\n<p>&nbsp;<\/p>\n<p><strong>Obra\u010dunavanje in pla\u010dila<\/strong><\/p>\n<p>Na svoj ra\u010dun pla\u010date vse pristojbine ali stro\u0161ke v skladu s pristojbinami, pristojbinami in pogoji obra\u010dunavanja, ki veljajo v trenutku, ko je pristojbina ali stro\u0161ek zapadla in pla\u010dljiva. Pridr\u017eujemo si pravico, da kadar koli spremenimo ceno izdelka. V primeru, da spremenimo ali prekli\u010demo naro\u010dilo, vas lahko posku\u0161amo obvestiti tako, da se obrnemo na e-po\u0161tni naslov in \/ ali naslov \/ telefonsko \u0161tevilko za izstavitev ra\u010duna, ki sta bila navedena v \u010dasu, ko je bilo naro\u010dilo.<\/p>\n<p>&nbsp;<\/p>\n<p><strong>Na\u010dini zara\u010dunavanja, ki jih lahko uporabite na na\u0161em spletnem mestu:<\/strong><\/p>\n<p>Paypal<\/p>\n<p>Kreditne kartice<\/p>\n<p>&nbsp;<\/p>\n<p><strong>Natan\u010dnost informacij<\/strong><\/p>\n<p>Ob\u010dasno so na spletnem mestu lahko informacije, ki vsebujejo tipografske napake, neto\u010dnosti ali opustitve, ki se lahko nana\u0161ajo na opise izdelkov, cene, razpolo\u017eljivost, promocije in ponudbe itd. Pridr\u017eujemo si pravico popraviti morebitne napake, neto\u010dnosti ali opustitve ter spremeniti ali posodobiti podatke ali preklicati naro\u010dila, \u010de so kateri koli podatki na spletnem mestu ali v kateri koli povezani storitvi kadar koli brez predhodnega obvestila (tudi po oddaji naro\u010dila) . Ne prevzemamo nobene obveznosti, da bomo na spletnem mestu posodabljali, spreminjali ali pojasnjevali informacije, vklju\u010dno z informacijami o cenah, brez omejitev, razen \u010de to zahteva zakon. Na spletnem mestu ne bi smeli veljati dolo\u010deni datumi posodobitve ali osve\u017eevanja, ki bi nakazovali, da so bile vse informacije na spletnem mestu ali o kateri koli povezani storitvi spremenjene ali posodobljene.<\/p>\n<p>&nbsp;<\/p>\n<p><strong>Prepovedane uporabe<\/strong><\/p>\n<p>Poleg drugih pogojev, dolo\u010denih v pogodbi, vam je prepovedano uporabljati spletno mesto ali njegovo vsebino: (a) za kakr\u0161ne koli nezakonite namene; (b) naprositi druge za izvajanje ali sodelovanje v kakr\u0161nih koli nezakonitih dejanjih; (c) kr\u0161iti vse mednarodne, zvezne, de\u017eelne ali dr\u017eavne predpise, pravila, zakone ali lokalne predpise;\u00a0<strong>(d) kr\u0161iti a na\u0161e pravice intelektualne lastnine ali pravice intelektualne lastnine drugih<\/strong>; (e) nadlegovati, zlorabljati, \u017ealiti, \u0161kodovati, obrekovati, klevetati, omalova\u017eevati, ustrahovati ali diskriminirati na podlagi spola, spolne usmerjenosti, vere, narodnosti, rase, starosti, nacionalnega porekla ali invalidnosti; (f) predlo\u017eiti napa\u010dne ali zavajajo\u010de informacije; (g) za nalaganje ali prenos virusov ali katere koli druge vrste zlonamerne kode, ki bo ali se lahko uporablja na kakr\u0161en koli na\u010din, ki bo vplival na funkcionalnost ali delovanje storitve ali katerega koli povezanega spletnega mesta, drugih spletnih mest ali interneta; (h) zbiranje ali sledenje osebnih podatkov drugih; (i) po\u0161iljati ne\u017eeleno po\u0161to, phish, pharm,itd. ; (j) za kakr\u0161ne koli nespodobne ali nemoralne namene; ali (k) posegati ali obiti varnostne zna\u010dilnosti storitve ali katerega koli povezanega spletnega mesta, drugih spletnih mest ali interneta. Pridr\u017eujemo si pravico, da prekinemo va\u0161o uporabo Storitve ali katerega koli povezanega spletnega mesta zaradi kr\u0161itve katere koli prepovedane uporabe.<\/p>\n<p>&nbsp;<\/p>\n<p>V najve\u010dji mo\u017eni meri, ki jo dovoljuje veljavna zakonodaja,\u00a0 Kreativa Group d.o.o. njegove podru\u017enice, lastniki, direktorji, zaposleni, agenti, dobavitelji ali dajalci licence ne odgovarjajo o za (a): kakr\u0161no koli posredno, naklju\u010dno, posebno, kaznovalno, kritje ali posledi\u010dno \u0161kodo (vklju\u010dno z, brez omejitve, od\u0161kodnino za izgubljeni dobi\u010dek, prihodek, prodaja, dobro ime, uporaba ali vsebina, vpliv na poslovanje, prekinitev poslovanja, izguba pri\u010dakovanih prihrankov, izguba poslovne prilo\u017enosti), vendar je v kakr\u0161ni koli teoriji odgovornosti povzro\u010dil, neomejeno, pogodbo, od\u0161kodnino, garancijo, kr\u0161itev zakonske dajatve, iz malomarnosti ali druga\u010de, tudi \u010de je\u00a0 Kreativa Group \u00a0d.o.o. \u00a0bil seznanjen z mo\u017enostjo take \u0161kode ali bi lahko predvidel tak\u0161no \u0161kodo.<\/p>\n<p>Omejitve in izklju\u010ditve veljajo tudi, \u010de vam to sredstvo ne povrne v celoti kakr\u0161ne koli izgube ali neresnice njegovega osnovnega namena.<\/p>\n<p>&nbsp;<\/p>\n<p><strong>Re\u0161evanje sporov<\/strong><\/p>\n<p>Oblikovanje, razlago in izvajanje tega sporazuma ter morebitne spore, ki iz njega izhajajo, ureja materialno in procesno pravo Slovenije, ne glede na njegove predpise o koliziji ali izbiri prava in, kolikor je to primerno, zakone Slovenije. Izklju\u010dna pristojnost za to\u017ebe je okrajno sodi\u0161\u010da, ki se nahajajo v Mariboru.<\/p>\n<p>&nbsp;<\/p>\n<p><strong>Spremembe in dopolnitve<\/strong><\/p>\n<p>Pridr\u017eujemo si pravico, da kadar koli spremenimo to pogodbo ali njene politike v zvezi s spletnim mestom ali storitvami, ki stopijo v veljavo po objavi posodobljene razli\u010dice te pogodbe na spletnem mestu. Ko bomo to storili, bomo na dnu te strani objavili posodobljen datum. Nadaljnja uporaba spletnega mesta po takih spremembah pomeni va\u0161e soglasje za tak\u0161ne spremembe.<\/p>\n<p>&nbsp;<\/p>\n<p><strong>Sprejem pogojev<\/strong><\/p>\n<p>Priznavate, da ste prebrali to pogodbo in se strinjate z vsemi njenimi pogoji. Z uporabo spletnega mesta ali njegovih storitev se strinjate, da vas ta pogodba zavezuje. \u010ce se ne strinjate, da boste spo\u0161tovali pogoje te pogodbe, niste poobla\u0161\u010deni za uporabo ali dostop do spletnega mesta in njegovih storitev.<\/p>\n<p>&nbsp;<\/p>\n<p><strong>Kontakt<\/strong><\/p>\n<p>\u010ce imate kakr\u0161na koli vpra\u0161anja v zvezi s to pogodbo, nas kontaktirajte preko e-po\u0161te info@creativybrush.si<\/p>\n<p>&nbsp;<\/p>\n<p>Ta dokument je bil nazadnje posodobljen 03. maja 2020<\/p>\n","protected":false},"excerpt":{"rendered":"<p>Ti pogoji (\u201cPogoji\u201d, \u201cSporazum\u201d) so dogovor med KREATIVA GROUP proizvodnja, posredni\u0161tvo, trgovina in storitve, d.o.o. (\u00bbSkupina KREATIVA GROUP, proizvodnja, posredni\u0161tvo, trgovina in storitve, d.o.o ..\u00ab, \u00bbmi\u00ab, \u00bbmi\u00ab ali \u00bbna\u0161e\u00ab) in vi (\u00bbuporabnik\u00ab, \u00bbvi\u00ab ali \u00bbva\u0161\u00ab). Ta pogodba dolo\u010da splo\u0161ne pogoje va\u0161e uporabe spletnega mesta creativabrush.si in katerega koli od njegovih izdelkov ali storitev (skupaj \u201eSpletna [&hellip;]<\/p>\n","protected":false},"author":1,"featured_media":0,"parent":0,"menu_order":0,"comment_status":"closed","ping_status":"open","template":"","meta":[],"_links":{"self":[{"href":"https:\/\/creativybrush.com\/sl\/wp-json\/wp\/v2\/pages\/4284"}],"collection":[{"href":"https:\/\/creativybrush.com\/sl\/wp-json\/wp\/v2\/pages"}],"about":[{"href":"https:\/\/creativybrush.com\/sl\/wp-json\/wp\/v2\/types\/page"}],"author":[{"embeddable":true,"href":"https:\/\/creativybrush.com\/sl\/wp-json\/wp\/v2\/users\/1"}],"replies":[{"embeddable":true,"href":"https:\/\/creativybrush.com\/sl\/wp-json\/wp\/v2\/comments?post=4284"}],"version-history":[{"count":2,"href":"https:\/\/creativybrush.com\/sl\/wp-json\/wp\/v2\/pages\/4284\/revisions"}],"predecessor-version":[{"id":4471,"href":"https:\/\/creativybrush.com\/sl\/wp-json\/wp\/v2\/pages\/4284\/revisions\/4471"}],"wp:attachment":[{"href":"https:\/\/creativybrush.com\/sl\/wp-json\/wp\/v2\/media?parent=4284"}],"curies":[{"name":"wp","href":"https:\/\/api.w.org\/{rel}","templated":true}]}}