{"id":4271,"date":"2021-04-01T11:10:26","date_gmt":"2021-04-01T11:10:26","guid":{"rendered":"https:\/\/creativybrush.com\/pravilnik-o-zasebnosti\/"},"modified":"2021-04-04T07:42:25","modified_gmt":"2021-04-04T07:42:25","slug":"pravilnik-o-zasebnosti","status":"publish","type":"page","link":"https:\/\/creativybrush.com\/sl\/pravilnik-o-zasebnosti\/","title":{"rendered":"Pravilnik o zasebnosti"},"content":{"rendered":"\r\n<p>Na\u0161e<strong>\u00a0<\/strong>podjetje je KREATIVA GROUP d.o.o., Ulica \u0161kofa Maksimilijana Dr\u017ee\u010dnika 6, 2000 Maribor-Slovenija\u00a0ID za DDV: 58329706. Ta pravilnik o zasebnosti bo razlo\u017eil, kako na\u0161a organizacija uporablja osebne podatke, ki jih zbiramo od vas, ko uporabljate na\u0161o spletno stran.<\/p>\r\n<p>Kazalo:<\/p>\r\n<ul>\r\n<li>Katere podatke zbiramo?<\/li>\r\n<li>Kako zbiramo va\u0161e podatke?<\/li>\r\n<li>Kako bomo uporabili va\u0161e podatke?<\/li>\r\n<li>Kako hranimo va\u0161e podatke?<\/li>\r\n<li>Tr\u017eenje<\/li>\r\n<li>Kak\u0161ne so va\u0161e pravice do varstva podatkov?<\/li>\r\n<li>Kaj so pi\u0161kotki?<\/li>\r\n<li>Kako uporabljamo pi\u0161kotke?<\/li>\r\n<li>Katere vrste pi\u0161kotkov uporabljamo?<\/li>\r\n<li>Kako upravljamo z va\u0161imi pi\u0161kotki<\/li>\r\n<li>Politike zasebnosti drugih spletnih mest<\/li>\r\n<li>Spremembe na\u0161e politike o zasebnosti<\/li>\r\n<li>Kako nas kontaktirate<\/li>\r\n<li>Kako se obrniti na ustrezne organe<\/li>\r\n<\/ul>\r\n<p>Katere podatke zbiramo?<\/p>\r\n<p>CREATIVYBRUSH.si zbira naslednje podatke:<\/p>\r\n<ul>\r\n<li>Osebne identifikacijske podatke (ime, e-po\u0161tni naslov, telefonska \u0161tevilka itd.)<\/li>\r\n<\/ul>\r\n<p><strong>Kako zbiramo va\u0161e podatke?<\/strong><\/p>\r\n<p>Neposredno posredujete CREATIVYBRUSH.si ve\u010dino podatkov, ki jih zbiramo. Podatke zbiramo in obdelujemo, ko:<\/p>\r\n<ul>\r\n<li>Se registrirate v spletu ali naro\u010dite katerega koli od na\u0161ih izdelkov ali storitev<\/li>\r\n<li>Prostovoljno izpolnite obrazec o strankah ali posredujte povratne informacije na kateri koli na\u0161i strani ali po e-po\u0161ti<\/li>\r\n<li>Uporabite ali si oglejte na\u0161e spletno mesto prek pi\u0161kotkov brskalnika<\/li>\r\n<\/ul>\r\n<p>Uporabite ali si oglejte na\u0161e spletno mesto prek pi\u0161kotkov brskalnika:<\/p>\r\n<ul>\r\n<li>Google<\/li>\r\n<li>Facebook<\/li>\r\n<li>Amazon<\/li>\r\n<\/ul>\r\n<p><strong>Kako bomo uporabili va\u0161e podatke?<\/strong><\/p>\r\n<p>CREATIVYBRUSH.si zbira va\u0161e podatke, da lahko:<\/p>\r\n<ul>\r\n<li>Obdelajte va\u0161e naro\u010dilo in upravlja z va\u0161im ra\u010dunom.<\/li>\r\n<li>Vam lahko po\u0161ilja e-po\u0161to s posebnimi ponudbami za druge izdelke in storitve, za katere menimo, da bi vam bili morda v\u0161e\u010d<\/li>\r\n<\/ul>\r\n<p>Osebni podatki, ki jih zbiramo, so zaupni in jih ne delimo z nepoobla\u0161\u010denimi tretjimi osebami. Osebne podatke lahko delimo z na\u0161imi partnerskimi podjetji, da zagotovimo osnovne in dodatne funkcije na na\u0161em spletnem mestu. Osebne podatke lahko delimo tudi po uradni dol\u017enosti.<\/p>\r\n<ul>\r\n<li>Starfiniti d.o.o. \u2013 (na\u0161 razvijalec)<\/li>\r\n<li>Neoserv (ponudnik gostovanja)<\/li>\r\n<li>PayPal \u2013 za obdelavo naro\u010dil<\/li>\r\n<li>Mailchimp \u2013 za po\u0161iljanje novic<\/li>\r\n<li>Poobla\u0161\u010denim institucijam na podlagi odredbe sodi\u0161\u010da.<\/li>\r\n<\/ul>\r\n<p><strong>Kako hranimo va\u0161e podatke?<\/strong><\/p>\r\n<p>CREATIVYBRUSH.si varno hrani va\u0161e podatke na na\u0161em varnem stre\u017eniku, ki ga ponuja na\u0161 ponudnik gostovanja Neoserv. Za prepre\u010devanje kr\u0161itev podatkov uporabljamo tudi Cloudflare in varnostni vti\u010dnik.<\/p>\r\n<p>CREATIVYBRUSH.si bo hranil va\u0161e osebne podatke, dokler ne zahtevate izbrisa. Va\u0161e podatke bomo izbrisali tako, da bomo v prihodnosti WooCommerce zgradili osebne podatke.<\/p>\r\n<p>Za takoj\u0161en izbris lahko zahtevate tako, da nam po\u0161ljete e-po\u0161to na info@creativybrush.si. Prejeli boste e-po\u0161tno sporo\u010dilo s pro\u0161njo, da potrdite svojo identiteto. Ko bomo prejeli potrditev identitete, bomo va\u0161e podatke takoj izbrisali.<\/p>\r\n<p><strong>Tr\u017eenje<\/strong><\/p>\r\n<p>CREATIVYBRUSH.si vam \u017eeli poslati informacije o na\u0161ih izdelkih in storitvah, za katere menimo, da bi utegnili biti v\u0161e\u010d, ter o na\u0161ih partnerskih podjetjih.<\/p>\r\n<p>Za po\u0161iljanje novic uporabljamo programsko opremo Mailchimp drugega proizvajalca, ki je integrirana v na\u0161o trgovino WooCommece.<\/p>\r\n<p>\u010ce se strinjate, da boste prejemali tr\u017eenje, se lahko vedno odlo\u010dite za kasnej\u0161i preklic.<\/p>\r\n<p>Imate pravico kadar koli prepre\u010diti, da vas CREATIVYBRUSH.si kontaktira za namene tr\u017eenja.<\/p>\r\n<p>\u010ce ne \u017eelite ve\u010d, da vas kontaktiramo v marketin\u0161ke namene, kliknite tukaj, ali po\u0161ljite email na info@creativybrush.si<\/p>\r\n<p><strong>Kak\u0161ne so va\u0161e pravice do varstva podatkov?<\/strong><\/p>\r\n<p>CREATIVYBRUSH.si \u017eeli zagotoviti, da v celoti poznate vse svoje pravice do varstva podatkov. Vsak uporabnik je upravi\u010den do naslednjega:<\/p>\r\n<p><strong>Pravica do dostopa<\/strong>\u00a0\u2013 Imate pravico zahtevati CREATIVYBRUSH.si za kopije va\u0161ih osebnih podatkov. Za to storitev vam lahko zara\u010dunamo majhno pristojbino.<\/p>\r\n<p><strong>Pravica do popravka<\/strong>\u00a0\u2013 Imate pravico zahtevati, da CREATIVYBRUSH.si popravi vse podatke, za katere menite, da so neto\u010dni. Prav tako imate pravico, da od CREATIVYBRUSH.si zahtevate, da izpolni podatke, za katere menite, da so nepopolni.<\/p>\r\n<p><strong>Pravica do izbrisa<\/strong>\u00a0\u2013 Imate pravico zahtevati, da CREATIVYBRUSH.si pod dolo\u010denimi pogoji izbri\u0161e va\u0161e osebne podatke.<\/p>\r\n<p><strong>Pravica do omejitve obdelave<\/strong>\u00a0\u2013 Imate pravico zahtevati, da CREATIVYBRUSH.si pod dolo\u010denimi pogoji omeji obdelavo va\u0161ih osebnih podatkov.<\/p>\r\n<p><strong>Pravica do ugovora proti obdelavi<\/strong>\u00a0\u2013 imate pravico, da pod dolo\u010denimi pogoji nasprotujete CREATIVYBRUSH.si obdelavi va\u0161ih osebnih podatkov.<\/p>\r\n<p><strong>Pravica do prenosljivosti podatkov<\/strong>\u00a0\u2013 Imate pravico zahtevati, da CREATIVYBRUSH.si podatke, ki smo jih zbrali, pod dolo\u010denimi pogoji prenese na drugo organizacijo.<\/p>\r\n<p>\u010ce zaprosite, imamo na voljo en mesec, da vam odgovorimo. \u010ce \u017eelite uveljaviti katero koli od teh pravic, nam pi\u0161ite na na\u0161 e-po\u0161tni naslov info@creativybrush.si<\/p>\r\n<p><strong>Pi\u0161kotki<\/strong><\/p>\r\n<p>Pi\u0161kotki so besedilne datoteke, name\u0161\u010dene v va\u0161em ra\u010dunalniku za zbiranje standardnih informacij internetnega dnevnika in informacij o vedenju obiskovalcev. Ko obi\u0161\u010dete na\u0161a spletna mesta, lahko od vas samodejno zbiramo podatke prek pi\u0161kotkov ali podobne tehnologije<\/p>\r\n<p>Za dodatne informacije obi\u0161\u010dite allaboutcookies.org.<\/p>\r\n<p><strong>Kako uporabljamo pi\u0161kotke?<\/strong><\/p>\r\n<p>CREATIVYBRUSH.si\u00a0uporablja pi\u0161kotke na razli\u010dne na\u010dine za izbolj\u0161anje va\u0161e izku\u0161nje na na\u0161em spletnem mestu, vklju\u010dno z:<\/p>\r\n<ul>\r\n<li>ohranjanjem va\u0161e prijave<\/li>\r\n<li>Razumevanje, kako uporabljate na\u0161e spletno mesto<\/li>\r\n<\/ul>\r\n<p>&nbsp;<\/p>\r\n<p><strong>Katere vrste pi\u0161kotkov uporabljamo?<\/strong><\/p>\r\n<p>Obstaja \u00a0ve\u010d razli\u010dnih vrst pi\u0161kotkov, medtem, ko na\u0161a spletna stran uporablja naslednje:<\/p>\r\n<ul>\r\n<li>Funkcionalnost \u2013 CREATIVYBRUSH.si uporablja te pi\u0161kotke, da vas prepoznamo na na\u0161em spletnem mestu in si zapomnimo va\u0161e prej izbrane nastavitve. Mednje bi lahko vklju\u010devali jezik, ki ga \u017eelite in lokacijo, v kateri se nahajate. Uporablja se kombinacija pi\u0161kotkov prve in tretje osebe.<\/li>\r\n<li>Ogla\u0161evanje \u2013 CREATIVYBRUSH.si uporablja te pi\u0161kotke za zbiranje informacij o va\u0161em obisku na\u0161ega spletnega mesta, vsebini, ki ste si jo ogledali, povezavah, ki ste jih spremljali, in informacijah o va\u0161em brskalniku, napravi in \u200b\u200bva\u0161em IP naslovu. CREATIVYBRUSH.si v\u010dasih v ogla\u0161evalske namene deli nekatere omejene vidike teh podatkov s tretjimi osebami. Prav tako lahko z na\u0161imi ogla\u0161evalskimi partnerji delimo spletne podatke, zbrane s pi\u0161kotki. To pomeni, da se vam ob obisku drugega spletnega mesta lahko prika\u017ee ogla\u0161evanje na podlagi vzorcev brskanja na na\u0161em spletnem mestu.<\/li>\r\n<li>\u00a0<\/li>\r\n<\/ul>\r\n<p><strong>Kako upravljati pi\u0161kotke<\/strong><\/p>\r\n<p>Brskalnik lahko nastavite tako, da ne sprejema pi\u0161kotkov, zgornje spletno mesto pa vam pove, kako odstraniti pi\u0161kotke iz brskalnika. V dolo\u010denih primerih zato nekatere funkcije na\u0161ega spletnega mesta morda ne bodo delovale.<\/p>\r\n<p><strong>Politike zasebnosti drugih spletnih mest<\/strong><\/p>\r\n<p>Spletno mesto CREATIVYBRUSH.si vsebuje povezave do drugih spletnih mest. Na\u0161 pravilnik o zasebnosti velja samo za na\u0161e spletno mesto, zato \u010de kliknete povezavo do drugega spletnega mesta, preberite njihovo politiko zasebnosti.<\/p>\r\n<p><strong>Spremembe na\u0161e politike o zasebnosti<\/strong><\/p>\r\n<p>CREATIVYBRUSH.si redno preverja \u00a0politiko zasebnosti in na to spletno stran postavlja vse posodobitve. Ta politika zasebnosti je bila nazadnje posodobljena 28. aprila 2020.<\/p>\r\n<p><strong>Kako nas kontaktirate<\/strong><\/p>\r\n<p>\u010ce imate kakr\u0161na koli vpra\u0161anja o politiki zasebnosti CREATIVYBRUSH.si o podatkih, ki jih imamo na sebi, ali pa \u017eelite uveljaviti katero od svojih pravic do varstva podatkov, nas kontaktirajte.<\/p>\r\n<p>Pi\u0161ite nam na: info@creativybrush.si<\/p>\r\n<p>Kako se obrniti na ustrezen organ<\/p>\r\n<p>\u010ce \u017eelite prijaviti prito\u017ebo ali \u010de menite, da CREATIVYBRUSH.si na va\u0161o te\u017eavo ni odgovoril zadovoljivo, se lahko obrnete na urad poobla\u0161\u010denca za informacije.<\/p>\r\n<p>E-po\u0161ta: gp.ip@ip-rs.si<\/p>\r\n<p>&nbsp;<\/p>\r\n<p>&nbsp;<\/p>\r\n<p>&nbsp;<\/p>\r\n<p>&nbsp;<\/p>","protected":false},"excerpt":{"rendered":"<p>Na\u0161e\u00a0podjetje je KREATIVA GROUP d.o.o., Ulica \u0161kofa Maksimilijana Dr\u017ee\u010dnika 6, 2000 Maribor-Slovenija\u00a0ID za DDV: 58329706. Ta pravilnik o zasebnosti bo razlo\u017eil, kako na\u0161a organizacija uporablja osebne podatke, ki jih zbiramo od vas, ko uporabljate na\u0161o spletno stran. Kazalo: Katere podatke zbiramo? Kako zbiramo va\u0161e podatke? Kako bomo uporabili va\u0161e podatke? Kako hranimo va\u0161e podatke? Tr\u017eenje [&hellip;]<\/p>\n","protected":false},"author":1,"featured_media":0,"parent":0,"menu_order":0,"comment_status":"closed","ping_status":"open","template":"","meta":[],"_links":{"self":[{"href":"https:\/\/creativybrush.com\/sl\/wp-json\/wp\/v2\/pages\/4271"}],"collection":[{"href":"https:\/\/creativybrush.com\/sl\/wp-json\/wp\/v2\/pages"}],"about":[{"href":"https:\/\/creativybrush.com\/sl\/wp-json\/wp\/v2\/types\/page"}],"author":[{"embeddable":true,"href":"https:\/\/creativybrush.com\/sl\/wp-json\/wp\/v2\/users\/1"}],"replies":[{"embeddable":true,"href":"https:\/\/creativybrush.com\/sl\/wp-json\/wp\/v2\/comments?post=4271"}],"version-history":[{"count":7,"href":"https:\/\/creativybrush.com\/sl\/wp-json\/wp\/v2\/pages\/4271\/revisions"}],"predecessor-version":[{"id":4470,"href":"https:\/\/creativybrush.com\/sl\/wp-json\/wp\/v2\/pages\/4271\/revisions\/4470"}],"wp:attachment":[{"href":"https:\/\/creativybrush.com\/sl\/wp-json\/wp\/v2\/media?parent=4271"}],"curies":[{"name":"wp","href":"https:\/\/api.w.org\/{rel}","templated":true}]}}